{"id":1861,"date":"2014-09-11T15:46:55","date_gmt":"2014-09-11T14:46:55","guid":{"rendered":"http:\/\/www.bibliothek-teuschnitz.de\/?page_id=1861"},"modified":"2018-07-11T16:00:30","modified_gmt":"2018-07-11T15:00:30","slug":"onleihe-ab-24-oktober-2014","status":"publish","type":"page","link":"https:\/\/www.bibliothek-teuschnitz.de\/?page_id=1861","title":{"rendered":"<span class=\"caps\">LEO-NORD<\/span> Onleihe - Download und Nutzung digitaler Medien"},"content":{"rendered":"<p>Schnell\u00adein\u00adstieg: Kli\u00adcken Sie auf den <a href=\"http:\/\/www.leo-nord.de\" target=\"_blank\" rel=\"noopener\">L\u00f6wen<\/a>, um direkt zu <span class=\"caps\">LEO<\/span> <span class=\"caps\">NORD<\/span> zu gelan\u00adgen.<\/p>\n<p><a href=\"http:\/\/www.leo-nord.de\" target=\"_blank\" rel=\"noopener\"><img loading=\"lazy\" decoding=\"async\" class=\"alignleft wp-image-1868 size-thumbnail\" src=\"http:\/\/www.bibliothek-teuschnitz.de\/wp-content\/uploads\/2014\/09\/leo_nord_logo-150x150.png\" alt=\"leo_nord_logo\" width=\"150\" height=\"150\"><\/a>Mit dem Down\u00adload-Ser\u00advice der LEO-NORD-Onlei\u00adhe bie\u00adten wir als ers\u00adte Biblio\u00adthek im n\u00f6rd\u00adli\u00adchen Fran\u00adken\u00adwald&nbsp;die zeit- und orts\u00adun\u00adab\u00adh\u00e4n\u00adgi\u00adge Nut\u00adzung digi\u00adta\u00adler Medi\u00aden an. Das Por\u00adtal <span class=\"caps\">LEO-NORD<\/span> ent\u00adh\u00e4lt <a href=\"http:\/\/www.leo-nord.de\/leo-nord\/frontend\/mediaList,0-0-0-102-0-0-0-0-400001-0-0.html\" target=\"_blank\" rel=\"noopener\">eBooks<\/a>&nbsp;(Bel\u00adle\u00adtris\u00adtik, Sach\u00adb\u00fc\u00adcher, ...) mit einer Aus\u00adleih\u00adfrist von 21 Tagen, <a href=\"http:\/\/www.leo-nord.de\/leo-nord\/frontend\/mediaList,0-0-0-102-0-0-0-0-400002-0-0.html\" target=\"_blank\" rel=\"noopener\">eAu\u00addi\u00ados<\/a> (vor\u00adwie\u00adgend H\u00f6r\u00adb\u00fc\u00adcher - Aus\u00adleih\u00adfrist 14 Tage), <a href=\"http:\/\/www.leo-nord.de\/leo-nord\/frontend\/titleInfoList,0-0-0-109-0-0-0-0-400006-0-0.html\" target=\"_blank\" rel=\"noopener\">eMa\u00adga\u00adzi\u00adnes<\/a> (<em><span class=\"caps\">SPIEGEL<\/span><\/em>, <em>Gla\u00admour<\/em>, <em>Auto Motor Sport<\/em>, ... - Aus\u00adleih\u00adfrist 1 Tag) und <a href=\"http:\/\/www.leo-nord.de\/leo-nord\/frontend\/titleInfoList,0-0-0-109-0-0-0-0-400006-0-0.html\" target=\"_blank\" rel=\"noopener\">ePa\u00adpers<\/a> (<em>S\u00fcd\u00addeut\u00adsche Zei\u00adtung<\/em>, <em>Die Zeit<\/em>, ... - Aus\u00adleih\u00adfrist 1 Stun\u00adde). St\u00f6\u00adbern Sie ein\u00adfach im Ange\u00adbot und \u00fcber\u00adzeu\u00adgen Sie sich vom umfang\u00adrei\u00adchen Ange\u00adbot! Als Lese\u00adrin oder Leser unse\u00adrer Biblio\u00adthek k\u00f6n\u00adnen Sie die\u00adse Medi\u00aden aus\u00adlei\u00adhen, auf Ihren eBook-Rea\u00adder, Ihren <span class=\"caps\">PC<\/span>, Tablet, Smart\u00adphone oder geeig\u00adne\u00adten MP3-Play\u00ader her\u00adun\u00adter\u00adla\u00adden und nut\u00adzen. Und das an 365 Tagen im Jahr und 24 Stun\u00adden am Tag. Dazu ben\u00f6\u00adti\u00adgen Sie ledig\u00adlich einen g\u00fcl\u00adti\u00adgen Biblio\u00adtheks\u00adaus\u00adweis und einen Inter\u00adnet\u00adzu\u00adgang.<\/p>\n<h1>Hilfe<\/h1>\n<p>Die Mit\u00adar\u00adbei\u00adte\u00adrin\u00adnen und Mit\u00adar\u00adbei\u00adter unse\u00adrer Biblio\u00adthek beant\u00adwor\u00adten ger\u00adne Ihre Fra\u00adgen. Aus\u00adf\u00fchr\u00adli\u00adche \u201eSchritt f\u00fcr Schritt\u201c-Anleitungen, eine Kom\u00adpa\u00adti\u00adbi\u00adli\u00adt\u00e4ts\u00adlis\u00adte, Infor\u00adma\u00adtio\u00adnen zu ben\u00f6\u00adtig\u00adter Soft\u00adware und wei\u00adte\u00adre Ein\u00adstiegs\u00adhil\u00adfen fin\u00adden Sie in der <strong><a href=\"https:\/\/hilfe.onleihe.de\/\" target=\"_blank\" rel=\"noopener\">\u201eHil\u00adfe\u201c auf www.leo-nord.de<\/a>,<\/strong> bei der <strong><a href=\"https:\/\/www.youtube.com\/c\/OnleiheAkademie-aktuell\" target=\"_blank\" rel=\"noopener\">\u201eOnlei\u00adhe Aka\u00adde\u00admie\u201c<\/a><\/strong>&nbsp;(mit vie\u00adlen erkl\u00e4\u00adren\u00adden Vide\u00ados) oder im <strong><a href=\"http:\/\/www.userforum.onleihe.de\/\" target=\"_blank\" rel=\"noopener\">Benut\u00adzer\u00adfo\u00adrum des Onlei\u00adhe-Por\u00adtals<\/a><\/strong>. Soll\u00adte Ihr Zugang zur <span class=\"caps\">LEO-NORD<\/span> Onlei\u00adhe nicht funk\u00adtio\u00adnie\u00adren, kann das meh\u00adre\u00adre Gr\u00fcn\u00adde haben - bspw. falls Sie der Daten\u00ad\u00fcber\u00admitt\u00adlung zwi\u00adschen unse\u00adrer Biblio\u00adthek und der Onlei\u00adhe (noch) nicht zuge\u00adstimmt oder Ihren Jah\u00adres\u00adbei\u00adtrag noch nicht gezahlt haben. Bit\u00adte set\u00adzen Sie sich in die\u00adsem Fall mit uns in Ver\u00adbin\u00addung. Das Ange\u00adbot an Medi\u00aden wird st\u00e4n\u00addig aus\u00adge\u00adbaut und die zuge\u00adh\u00f6\u00adri\u00adge Soft\u00adware st\u00e4n\u00addig ver\u00adbes\u00adsert.<\/p>\n<h1>So funktioniert unsere \u201eOnleihe\u201c<\/h1>\n<p>Um die per <span class=\"caps\">DRM<\/span> (\u201eDigi\u00adtal Rights Manage\u00adment\u201c, sie\u00adhe <a href=\"http:\/\/de.wikipedia.org\/wiki\/Digitale_Rechteverwaltung\" target=\"_blank\" rel=\"noopener\">Wiki\u00adpe\u00addia<\/a>) gesch\u00fctz\u00adten eBooks, eAu\u00addi\u00ados und ePa\u00adpers auf Ihrem <span class=\"caps\">PC<\/span>, eBook-Rea\u00adder, Smart\u00adphone oder Tablet\/iPad \u00f6ff\u00adnen zu k\u00f6n\u00adnen, ben\u00f6\u00adti\u00adgen Sie zun\u00e4chst eine kos\u00adten\u00adlo\u00adse Ado\u00adbe-ID. Die\u00adses Benut\u00adzer\u00adkon\u00adto beim bekann\u00adten Soft\u00adware\u00adher\u00adstel\u00adler erhal\u00adten Sie auf der Home\u00adpage von Ado\u00adbe. Kli\u00adcken Sie dazu <strong><a href=\"http:\/\/www.adobe.com\/de\/account\/sign-in.adobedotcom.html\" target=\"_blank\" rel=\"noopener\">hier<\/a><\/strong>&nbsp;und w\u00e4h\u00adlen Sie auf der neu ge\u00f6ff\u00adne\u00adten Sei\u00adte \u201eAdo\u00adbe-ID erstel\u00adlen\u201c. Nach der Ein\u00adga\u00adbe Ihrer Daten erhal\u00adten Sie eine E-Mail mit einem Akti\u00advie\u00adrungs\u00adlink. Bit\u00adte sehen Sie ggf. in Ihrem Spam-Ord\u00adner nach, falls Sie kei\u00adne Akti\u00advie\u00adrungs\u00admail erhal\u00adten. Mit der Ado\u00adbe-ID (=Ihre E-Mail Adres\u00adse) und Ihrem gew\u00e4hl\u00adten Pass\u00adwort k\u00f6n\u00adnen Sie unse\u00adre eMe\u00addi\u00aden auf den jewei\u00adli\u00adgen Ger\u00e4\u00adten \u00f6ff\u00adnen.<\/p>\n<p><strong>Aus\u00adlei\u00adhe mit <span class=\"caps\">PC<\/span> und eRea\u00adder<\/strong><br>\n1.&nbsp;Vor\u00adaus\u00adset\u00adzun\u00adgen<br>\nSie ben\u00f6\u00adti\u00adgen auf einem <span class=\"caps\">PC<\/span> die Soft\u00adware <a href=\"https:\/\/hilfe.onleihe.de\/pages\/viewpage.action?pageId=2457761\">\u201eAdo\u00adbe Digi\u00adtal Edi\u00adti\u00adons\u201c<\/a> oder einen inter\u00adnet\u00adf\u00e4\u00adhi\u00adgen eRea\u00adder.<br>\n2.&nbsp;Suchen \/ St\u00f6\u00adbern<br>\nRufen Sie das Por\u00adtal <strong><a title=\"LEO NORD\" href=\"http:\/\/www.leo-nord.de\" target=\"_blank\" rel=\"noopener\">www.leo-nord.de<\/a><\/strong> auf.&nbsp;Soll es ein Titel, Medi\u00aden\u00adtyp oder The\u00admen\u00adbe\u00adreich sein? Nut\u00adzen Sie die ver\u00adschie\u00adde\u00adnen Such\u00adein\u00adstie\u00adge. Ein Schnell\u00adzu\u00adgriff f\u00fcr Lite\u00adra\u00adtur spe\u00adzi\u00adell f\u00fcr eBook- Rea\u00adder steht Ihnen eben\u00adso zur Ver\u00adf\u00fc\u00adgung. Legen Sie anschlie\u00ad\u00dfend die gew\u00fcnsch\u00adten Titel in Ihren Medi\u00aden\u00adkorb.<br>\nAlle elek\u00adtro\u00adni\u00adschen Medi\u00aden sind auch in unse\u00adrem <strong><a href=\"http:\/\/opac.bibliothek-teuschnitz.de\" target=\"_blank\" rel=\"noopener\">Inter\u00adnet\u00adka\u00adta\u00adlog (<span class=\"caps\">OPAC<\/span>)<\/a><\/strong> ver\u00adf\u00fcg\u00adbar. Ent\u00adde\u00adcken Sie dort ein elek\u00adtro\u00adni\u00adsches Medi\u00adum, wer\u00adden Sie bequem auf die ent\u00adspre\u00adchen\u00adde Down\u00adload\u00adsei\u00adte von <span class=\"caps\">LEO-NORD<\/span> wei\u00adter\u00adge\u00adlei\u00adtet.<br>\n3. Anmel\u00adden<br>\nUm Medi\u00aden aus\u00adlei\u00adhen zu k\u00f6n\u00adnen und Zugriff auf Ihr Benut\u00adzer\u00adkon\u00adto zu erhal\u00adten, mel\u00adden Sie sich mit Ihrer Biblio\u00adtheks-Leser\u00adnum\u00admer und Ihrem Pass\u00adwort an. Ihre Leser\u00adnum\u00admer fin\u00adden Sie bspw. auf einer alten Aus\u00adlei\u00adh\u00adquit\u00adtung. Stan\u00addard\u00adm\u00e4\u00ad\u00dfig setzt sich Ihr Pass\u00adwort aus den ers\u00adten drei Buch\u00adsta\u00adben des Nach\u00adna\u00admens und dem kom\u00adplet\u00adten Geburts\u00adda\u00adtum zusam\u00admen: z.B. f\u00fcr \u201eOtto M\u00fcl\u00adler\u201c, gebo\u00adren am \u201e15. Febru\u00adar 1965\u201c w\u00e4re dies \u201eM\u00fcl15.02.1965\u201c. Sie k\u00f6n\u00adnen Ihr Pass\u00adwort bequem \u00fcber unse\u00adren <a title=\"Internet-Katalog (OPAC)\" href=\"http:\/\/opac.bibliothek-teuschnitz.de\" target=\"_blank\" rel=\"noopener\">Inter\u00adnet-Kata\u00adlog (<span class=\"caps\">OPAC<\/span>)<\/a> in Ihren Kon\u00adto\u00adein\u00adstel\u00adlun\u00adgen \u00e4ndern. Ger\u00adne hel\u00adfen Ihnen auch die Bibliotheksmitarbeiter\/innen an der Aus\u00adleih\u00adthe\u00adke das Stan\u00addard\u00adpass\u00adwort f\u00fcr Sie erneut zu set\u00adzen<br>\n4. Her\u00adun\u00adter\u00adla\u00adden<br>\nNach erfolg\u00adter Anmel\u00addung laden Sie die ein\u00adzel\u00adnen Titel als Datei\u00aden her\u00adun\u00adter.<br>\n5. Benut\u00adzen<br>\nDie her\u00adun\u00adter\u00adge\u00adla\u00adde\u00adnen Medi\u00aden sind f\u00fcr die Dau\u00ader der Leih\u00adfrist zu nut\u00adzen und au\u00dfer auf Ihrem Rech\u00adner auch auf ver\u00adschie\u00adde\u00adne mobi\u00adle End\u00adge\u00adr\u00e4\u00adte \u00fcber\u00adtrag\u00adbar. H\u00f6r\u00adb\u00fc\u00adcher bzw. eAu\u00addi\u00ados sind auch auf eini\u00adgen DRM10-f\u00e4hi\u00adgen MP3-Play\u00ader abspiel\u00adbar.<br>\n6. Zur\u00fcck\u00adge\u00adben<br>\nEine R\u00fcck\u00adga\u00adbe der Medi\u00aden wie in der klas\u00adsi\u00adschen B\u00fcche\u00adrei ist nicht erfor\u00adder\u00adlich, nach der vor\u00adge\u00adge\u00adbe\u00adnen Aus\u00adleih\u00adzeit wer\u00adden die Datei\u00aden unbrauch\u00adbar und k\u00f6n\u00adnen auf Ihren Ger\u00e4\u00adten gel\u00f6scht wer\u00adden. Aller\u00addings sind bis zum Ende Ihrer Aus\u00adleih\u00adzeit die Titel unter Umst\u00e4n\u00adden nicht von ande\u00adren Lesern des LEO-Nord Ver\u00adbun\u00addes nutz\u00adbar. Des\u00adhalb wur\u00adde die \u201evor\u00adzei\u00adti\u00adge R\u00fcck\u00adga\u00adbe\u201c ein\u00adge\u00adf\u00fchrt, die mit Ado\u00adbe Digi\u00adtal Edi\u00adti\u00adons, dem Sony Rea\u00adder sowie dem Blue\u00adfi\u00adre Rea\u00adder m\u00f6g\u00adlich ist. Mehr Infos fin\u00adden Sie bei\u00adspiels\u00adwei\u00adse bei der&nbsp;<strong><a href=\"https:\/\/www.youtube.com\/c\/OnleiheAkademie-aktuell\" target=\"_blank\" rel=\"noopener\">\u201eOnlei\u00adhe Aka\u00adde\u00admie\u201c<\/a><\/strong>.<\/p>\n<p><strong>Onlei\u00adhen mit der App f\u00fcr iPho\u00adne, iPad sowie&nbsp;Android Smart\u00adphones und Tablets<\/strong><br>\n<img loading=\"lazy\" decoding=\"async\" class=\"alignright size-thumbnail wp-image-1872\" src=\"http:\/\/www.bibliothek-teuschnitz.de\/wp-content\/uploads\/2014\/09\/onleihe_App-Button-150x150.png\" alt=\"onleihe_App-Button\" width=\"150\" height=\"150\" srcset=\"https:\/\/www.bibliothek-teuschnitz.de\/wp-content\/uploads\/2014\/09\/onleihe_App-Button-150x150.png 150w, https:\/\/www.bibliothek-teuschnitz.de\/wp-content\/uploads\/2014\/09\/onleihe_App-Button-300x300.png 300w, https:\/\/www.bibliothek-teuschnitz.de\/wp-content\/uploads\/2014\/09\/onleihe_App-Button.png 356w\" sizes=\"auto, (max-width: 150px) 100vw, 150px\">Lei\u00adhen Sie elek\u00adtro\u00adni\u00adschen Medi\u00aden direkt auf Ihr Smart\u00adphone oder Tablet aus. Laden Sie dazu die App \u201eOnlei\u00adhe\u201c der divi\u00adbib GmbH f\u00fcr Ihr iPho\u00adne, iPad oder Android-Ger\u00e4t&nbsp;im jewei\u00adli\u00adgen App-Store her\u00adun\u00adter. Mit der \u201eOnleihe\u201c-App k\u00f6n\u00adnen Sie nach Aus\u00adwahl unse\u00adrer Biblio\u00adthek und Anmel\u00addung mit Ihrer Leser\u00adnum\u00admer und Pass\u00adwort die eBooks auf Ihr Ger\u00e4t her\u00adun\u00adter\u00adla\u00adden. Bit\u00adte beach\u00adten Sie, dass Pass\u00adw\u00f6r\u00adter mit Umlau\u00adten (\u201e\u00e4,\u00f6,\u00fc\u201c) in der Onlei\u00adhe-App nicht funk\u00adtio\u00adnie\u00adren. Das ist ins\u00adbe\u00adson\u00adde\u00adre pro\u00adble\u00adma\u00adtisch, falls&nbsp;einer der drei ers\u00adten Buch\u00adsta\u00adben Ihres Nach\u00adna\u00admens ein Umlaut ist und Sie Ihr Stan\u00addard\u00adpass\u00adwort ver\u00adwen\u00adden. Sie k\u00f6n\u00adnen Ihr Pass\u00adwort jedoch bequem \u00fcber unse\u00adren <a title=\"Internetkatalog\" href=\"http:\/\/opac.bibliothek-teuschnitz.de\">Inter\u00adnet\u00adka\u00adta\u00adlog<\/a>&nbsp;(nach dem Ein\u00adlog\u00adgen unter \u201eKon\u00adto\u00adein\u00adstel\u00adlun\u00adgen\u201c)&nbsp;oder in unse\u00adrer Biblio\u00adthek \u00e4ndern. Lesen k\u00f6n\u00adnen Sie die eBooks direkt in der \u201eOnleihe\u201c-App oder mit dem kos\u00adten\u00adfrei\u00aden \u201eBlue\u00adfi\u00adre\u201c Rea\u00adder nach Ein\u00adga\u00adbe Ihrer \u201eAdo\u00adbe-ID\u201c und des zuge\u00adh\u00f6\u00adri\u00adgen Pass\u00adworts. Mit der \u201eOnlei\u00adhe\u201c k\u00f6n\u00adnen Sie auch bequem eAu\u00addi\u00ados anh\u00f6\u00adren.<\/p>\n","protected":false},"excerpt":{"rendered":"<p>Schnell\u00adein\u00adstieg: Kli\u00adcken Sie auf den L\u00f6wen, um direkt zu <span class=\"caps\">LEO<\/span> <span class=\"caps\">NORD<\/span> zu gelan\u00adgen. Mit dem Down\u00ad\u00adload-Ser\u00ad\u00advice der LEO-NORD-Onlei\u00adhe bie\u00adten wir als ers\u00adte Biblio\u00adthek im n\u00f6rd\u00adli\u00adchen Fran\u00adken\u00adwald&nbsp;die zeit- und orts\u00adun\u00adab\u00adh\u00e4n\u00adgi\u00adge Nut\u00adzung digi\u00adta\u00adler Medi\u00aden an. Das Por\u00adtal <span class=\"caps\">LEO-NORD<\/span> ent\u00adh\u00e4lt eBooks&nbsp;(Bel\u00adle\u00adtris\u00adtik, Sach\u00adb\u00fc\u00adcher, ...) mit einer Aus\u00adleih\u00adfrist von 21 Tagen, eAu\u00addi\u00ados (vor\u00adwie\u00adgend H\u00f6r\u00adb\u00fc\u00adcher - Aus\u00adleih\u00adfrist 14 Tage), eMa\u00adga\u00adzi\u00adnes (<span class=\"caps\">SPIEGEL<\/span>, [\u2026]<\/p>\n","protected":false},"author":1,"featured_media":0,"parent":0,"menu_order":0,"comment_status":"closed","ping_status":"open","template":"","meta":{"wp_typography_post_enhancements_disabled":false,"ngg_post_thumbnail":0,"footnotes":""},"class_list":["post-1861","page","type-page","status-publish","hentry"],"_links":{"self":[{"href":"https:\/\/www.bibliothek-teuschnitz.de\/index.php?rest_route=\/wp\/v2\/pages\/1861","targetHints":{"allow":["GET"]}}],"collection":[{"href":"https:\/\/www.bibliothek-teuschnitz.de\/index.php?rest_route=\/wp\/v2\/pages"}],"about":[{"href":"https:\/\/www.bibliothek-teuschnitz.de\/index.php?rest_route=\/wp\/v2\/types\/page"}],"author":[{"embeddable":true,"href":"https:\/\/www.bibliothek-teuschnitz.de\/index.php?rest_route=\/wp\/v2\/users\/1"}],"replies":[{"embeddable":true,"href":"https:\/\/www.bibliothek-teuschnitz.de\/index.php?rest_route=%2Fwp%2Fv2%2Fcomments&post=1861"}],"version-history":[{"count":47,"href":"https:\/\/www.bibliothek-teuschnitz.de\/index.php?rest_route=\/wp\/v2\/pages\/1861\/revisions"}],"predecessor-version":[{"id":3357,"href":"https:\/\/www.bibliothek-teuschnitz.de\/index.php?rest_route=\/wp\/v2\/pages\/1861\/revisions\/3357"}],"wp:attachment":[{"href":"https:\/\/www.bibliothek-teuschnitz.de\/index.php?rest_route=%2Fwp%2Fv2%2Fmedia&parent=1861"}],"curies":[{"name":"wp","href":"https:\/\/api.w.org\/{rel}","templated":true}]}}