{"id":54,"date":"2011-11-26T16:29:56","date_gmt":"2011-11-26T15:29:56","guid":{"rendered":"http:\/\/vorschau.bibliothek-teuschnitz.de\/?page_id=54"},"modified":"2017-01-06T11:58:09","modified_gmt":"2017-01-06T10:58:09","slug":"gebuhren","status":"publish","type":"page","link":"https:\/\/www.bibliothek-teuschnitz.de\/?page_id=54","title":{"rendered":"Geb\u00fchren und Leihfristen"},"content":{"rendered":"<p>Als Leser\/in unse\u00adrer Biblio\u00adthek zah\u00adlen Sie einen Jah\u00adres\u00adbei\u00adtrag und k\u00f6n\u00adnen dann so oft Sie m\u00f6ch\u00adten bis zu zehn Medi\u00aden gleich\u00adzei\u00adtig aus\u00adlei\u00adhen. Ledig\u00adlich f\u00fcr die Aus\u00adlei\u00adhe von DVDs exis\u00adtie\u00adren Zusatz\u00adge\u00adb\u00fch\u00adren von 1,- \u20ac pro <span class=\"caps\">DVD<\/span> und Woche. Die H\u00f6he des Jah\u00adres\u00adbei\u00adtra\u00adges ergibt sich wie folgt:<\/p>\n<ul>\n<li>Erwach\u00adse\u00adne Leser: 10,--\u20ac<\/li>\n<li>Kin\u00adder und Jugend\u00adli\u00adche bis 18 Jah\u00adre: 8,-&nbsp; \u20ac<\/li>\n<li>Fami\u00adlie: 15,- \u20ac<\/li>\n<\/ul>\n<address>Die Leih\u00adfrist f\u00fcr B\u00fccher, H\u00f6r\u00adb\u00fc\u00adcher, Comics und Spie\u00adle betr\u00e4gt vier Wochen, f\u00fcr Zeit\u00adschrif\u00adten zwei Wochen und f\u00fcr DVDs eine Woche. Eine Ver\u00adl\u00e4n\u00adge\u00adrung die\u00adser Leih\u00adfrist um h\u00f6chs\u00adtens ein\u00admal den glei\u00adchen Zeit\u00adraum ist m\u00f6g\u00adlich, sofern kei\u00adne Vor\u00admer\u00adkung eines ande\u00adren Nut\u00adzers f\u00fcr das betref\u00adfen\u00adde Medi\u00adum vor\u00adliegt. F\u00fcr beson\u00adde\u00adre Medi\u00aden (z.B. Best\u00adsel\u00adler, Weih\u00adnachts\u00adb\u00fc\u00adcher etc.) k\u00f6n\u00adnen unter Umst\u00e4n\u00adden ande\u00adre Leih\u00adfris\u00adten fest\u00adge\u00adsetzt wer\u00adden, die\u00adse wer\u00adden aber durch Aus\u00adhang bekannt\u00adge\u00adge\u00adben. M\u00f6ch\u00adten Sie ein Medi\u00adum ver\u00adl\u00e4n\u00adgern, k\u00f6n\u00adnen Sie das online in Ihrem <a href=\"http:\/\/www.eopac.de\/leser?SN=BGX430204\">Leser-Kon\u00adto<\/a> tun. Alter\u00adna\u00adtiv k\u00f6n\u00adnen Sie uns dies auch ger\u00adne tele\u00adfo\u00adnisch oder per <a href=\"mailto:ausleihe@bibliothek-teuschnitz.de\">E-Mail<\/a> mit\u00adtei\u00adlen.<\/address>\n<p>Bei Ver\u00ads\u00e4um\u00adnis der Abga\u00adbe\u00adfris\u00adten m\u00fcs\u00adsen wir lei\u00adder eine Geb\u00fchr von 0,30 \u20ac pro Medi\u00adum und Woche erhe\u00adben, bei DVDs 1,- \u20ac pro Woche&nbsp; (zzgl. even\u00adtu\u00adell anfal\u00adlen\u00adder Geb\u00fch\u00adren f\u00fcr schrift\u00adli\u00adche Mah\u00adnun\u00adgen).<\/p>\n","protected":false},"excerpt":{"rendered":"<p>Als Leser\/in unse\u00adrer Biblio\u00adthek zah\u00adlen Sie einen Jah\u00adres\u00adbei\u00adtrag und k\u00f6n\u00adnen dann so oft Sie m\u00f6ch\u00adten bis zu zehn Medi\u00aden gleich\u00adzei\u00adtig aus\u00adlei\u00adhen. Ledig\u00adlich f\u00fcr die Aus\u00adlei\u00adhe von DVDs exis\u00adtie\u00adren Zusatz\u00adge\u00adb\u00fch\u00adren von 1,- \u20ac pro <span class=\"caps\">DVD<\/span> und Woche. Die H\u00f6he des Jah\u00adres\u00adbei\u00adtra\u00adges ergibt sich wie folgt: Erwach\u00adse\u00adne Leser: 10,--\u20ac Kin\u00adder und Jugend\u00adli\u00adche bis 18 Jah\u00adre: 8,-&nbsp; \u20ac [\u2026]<\/p>\n","protected":false},"author":1,"featured_media":0,"parent":0,"menu_order":0,"comment_status":"closed","ping_status":"open","template":"","meta":{"wp_typography_post_enhancements_disabled":false,"ngg_post_thumbnail":0,"footnotes":""},"class_list":["post-54","page","type-page","status-publish","hentry"],"_links":{"self":[{"href":"https:\/\/www.bibliothek-teuschnitz.de\/index.php?rest_route=\/wp\/v2\/pages\/54","targetHints":{"allow":["GET"]}}],"collection":[{"href":"https:\/\/www.bibliothek-teuschnitz.de\/index.php?rest_route=\/wp\/v2\/pages"}],"about":[{"href":"https:\/\/www.bibliothek-teuschnitz.de\/index.php?rest_route=\/wp\/v2\/types\/page"}],"author":[{"embeddable":true,"href":"https:\/\/www.bibliothek-teuschnitz.de\/index.php?rest_route=\/wp\/v2\/users\/1"}],"replies":[{"embeddable":true,"href":"https:\/\/www.bibliothek-teuschnitz.de\/index.php?rest_route=%2Fwp%2Fv2%2Fcomments&post=54"}],"version-history":[{"count":28,"href":"https:\/\/www.bibliothek-teuschnitz.de\/index.php?rest_route=\/wp\/v2\/pages\/54\/revisions"}],"predecessor-version":[{"id":2988,"href":"https:\/\/www.bibliothek-teuschnitz.de\/index.php?rest_route=\/wp\/v2\/pages\/54\/revisions\/2988"}],"wp:attachment":[{"href":"https:\/\/www.bibliothek-teuschnitz.de\/index.php?rest_route=%2Fwp%2Fv2%2Fmedia&parent=54"}],"curies":[{"name":"wp","href":"https:\/\/api.w.org\/{rel}","templated":true}]}}